{"id":252,"date":"2021-09-09T11:58:52","date_gmt":"2021-09-09T11:58:52","guid":{"rendered":"https:\/\/trainingplus-app.net\/?page_id=252"},"modified":"2021-09-09T12:17:00","modified_gmt":"2021-09-09T12:17:00","slug":"tos_privacy","status":"publish","type":"page","link":"https:\/\/trainingplus-app.net\/de\/tos_privacy\/","title":{"rendered":"Terms of use &#8211; Privacy Policy"},"content":{"rendered":"<div data-elementor-type=\"wp-page\" data-elementor-id=\"252\" class=\"elementor elementor-252\" data-elementor-settings=\"[]\">\n\t\t\t\t\t\t\t<div class=\"elementor-section-wrap\">\n\t\t\t\t\t\t\t<section class=\"has_ma_el_bg_slider elementor-section elementor-top-section elementor-element elementor-element-67e1965 elementor-section-boxed elementor-section-height-default elementor-section-height-default\" data-id=\"67e1965\" data-element_type=\"section\">\n\t\t\t\t\t\t<div class=\"elementor-container elementor-column-gap-default\">\n\t\t\t\t\t<div class=\"has_ma_el_bg_slider elementor-column elementor-col-100 elementor-top-column elementor-element elementor-element-f44af8c\" data-id=\"f44af8c\" data-element_type=\"column\">\n\t\t\t<div class=\"elementor-widget-wrap elementor-element-populated\">\n\t\t\t\t\t\t\t\t<div class=\"elementor-element elementor-element-f51dbfd elementor-widget__width-auto elementor-widget elementor-widget-ma-creative-links\" data-id=\"f51dbfd\" data-element_type=\"widget\" data-widget_type=\"ma-creative-links.default\">\n\t\t\t\t<div class=\"elementor-widget-container\">\n\t\t\t\t\t\n\t\t\t<div class=\"ma-el-creative-links cl-effect-1\" id=\"ma-creative-link-f51dbfd\">\n\t\t\t\t<div class=\"ma-el-creative-link\">\n\t\t\t\t\t<a class=\"ma-el-creative-link-item\" href=\"https:\/\/trainingplus-app.net\/de\/\" >\n\n\n\n\t\t\t\t\t\t\n\n\n\t\t\t\t\t\t\t\t\t\t\t\t\t\t\t\t\t\t\t\t\t\t\n\n\t\t\t\t\t\t\tHome\n\n\t\t\t\t\t\t\t\n\n\n\t\t\t\t\t\t\t\n\t\t\t\t\t\t\t\n\t\t\t\t\t<\/a>\n\t\t\t\t<\/div>\n\t\t\t<\/div>\n\n\t\t\t\n\t\t<\/div>\n\t\t\t\t<\/div>\n\t\t\t\t\t<\/div>\n\t\t<\/div>\n\t\t\t\t\t\t\t<\/div>\n\t\t<\/section>\n\t\t\t\t<section class=\"has_ma_el_bg_slider elementor-section elementor-top-section elementor-element elementor-element-83cda73 elementor-section-boxed elementor-section-height-default elementor-section-height-default\" data-id=\"83cda73\" data-element_type=\"section\">\n\t\t\t\t\t\t<div class=\"elementor-container elementor-column-gap-default\">\n\t\t\t\t\t<div class=\"has_ma_el_bg_slider elementor-column elementor-col-100 elementor-top-column elementor-element elementor-element-82c7a1e\" data-id=\"82c7a1e\" data-element_type=\"column\">\n\t\t\t<div class=\"elementor-widget-wrap elementor-element-populated\">\n\t\t\t\t\t\t\t\t<div class=\"elementor-element elementor-element-3084554 elementor-widget elementor-widget-heading\" data-id=\"3084554\" data-element_type=\"widget\" data-widget_type=\"heading.default\">\n\t\t\t\t<div class=\"elementor-widget-container\">\n\t\t\t<h2 class=\"elementor-heading-title elementor-size-default\">Terms of use<\/h2>\t\t<\/div>\n\t\t\t\t<\/div>\n\t\t\t\t<div class=\"elementor-element elementor-element-d64560c elementor-widget elementor-widget-heading\" data-id=\"d64560c\" data-element_type=\"widget\" data-widget_type=\"heading.default\">\n\t\t\t\t<div class=\"elementor-widget-container\">\n\t\t\t<h4 class=\"elementor-heading-title elementor-size-default\">Provided by<\/h4>\t\t<\/div>\n\t\t\t\t<\/div>\n\t\t\t\t<div class=\"elementor-element elementor-element-522b88a elementor-widget elementor-widget-text-editor\" data-id=\"522b88a\" data-element_type=\"widget\" data-widget_type=\"text-editor.default\">\n\t\t\t\t<div class=\"elementor-widget-container\">\n\t\t\t\t\t\t\t<p>Johannes Tscholl<\/p><p>39025 Naturns<\/p><p>trainingplus.app@gmail.com<\/p>\t\t\t\t\t\t<\/div>\n\t\t\t\t<\/div>\n\t\t\t\t<div class=\"elementor-element elementor-element-f703035 elementor-widget elementor-widget-text-editor\" data-id=\"f703035\" data-element_type=\"widget\" data-widget_type=\"text-editor.default\">\n\t\t\t\t<div class=\"elementor-widget-container\">\n\t\t\t\t\t\t\t<p>Verf\u00fcgbare Abos f\u00fcr vollen Funktionsumfang und allen \u00dcbungen<\/p><p>Monatlich: \u20ac2,45<br \/>J\u00e4hrlich: \u20ac19,99<\/p><p>Zahlungen und Verl\u00e4ngerung:<\/p><p>Die Zahlung wird dem iTunes-Konto bei der Kaufbest\u00e4tigung belastet. Das Abonnement verl\u00e4ngert sich automatisch, es sei denn, die automatische Verl\u00e4ngerung wird mindestens 24 Stunden vor dem Ende des aktuellen Zeitraums deaktiviert.<\/p><p>Das Konto wird innerhalb von 24 Stunden vor dem Ende des aktuellen Zeitraums f\u00fcr die Verl\u00e4ngerung belastet.<\/p><p>Sie k\u00f6nnen die automatische Verl\u00e4ngerung nach dem Kauf jederzeit in Ihren Kontoeinstellungen verwalten oder deaktivieren.<\/p><p>Eine K\u00fcndigung des laufenden Abonnements ist w\u00e4hrend des aktiven Zeitraums nicht m\u00f6glich.<\/p><p>\u00a0<\/p>\t\t\t\t\t\t<\/div>\n\t\t\t\t<\/div>\n\t\t\t\t<div class=\"elementor-element elementor-element-7581804 elementor-widget elementor-widget-heading\" data-id=\"7581804\" data-element_type=\"widget\" data-widget_type=\"heading.default\">\n\t\t\t\t<div class=\"elementor-widget-container\">\n\t\t\t<h2 class=\"elementor-heading-title elementor-size-default\">Privacy Policy<\/h2>\t\t<\/div>\n\t\t\t\t<\/div>\n\t\t\t\t<div class=\"elementor-element elementor-element-d1f48ec elementor-widget elementor-widget-text-editor\" data-id=\"d1f48ec\" data-element_type=\"widget\" data-widget_type=\"text-editor.default\">\n\t\t\t\t<div class=\"elementor-widget-container\">\n\t\t\t\t\t\t\t<p>We don&#8217;t store any of your data.<\/p>\t\t\t\t\t\t<\/div>\n\t\t\t\t<\/div>\n\t\t\t\t\t<\/div>\n\t\t<\/div>\n\t\t\t\t\t\t\t<\/div>\n\t\t<\/section>\n\t\t\t\t\t\t<\/div>\n\t\t\t\t\t<\/div>","protected":false},"excerpt":{"rendered":"<p>Home Terms of use Provided by Johannes Tscholl 39025 Naturns trainingplus.app@gmail.com Verf\u00fcgbare Abos f\u00fcr vollen Funktionsumfang und allen \u00dcbungen Monatlich: \u20ac2,45J\u00e4hrlich: \u20ac19,99 Zahlungen und Verl\u00e4ngerung: Die Zahlung wird dem iTunes-Konto bei der Kaufbest\u00e4tigung belastet. Das Abonnement verl\u00e4ngert sich automatisch, es sei denn, die automatische Verl\u00e4ngerung wird mindestens 24 Stunden vor dem Ende des aktuellen Zeitraums &hellip; <\/p>\n<p class=\"link-more\"><a href=\"https:\/\/trainingplus-app.net\/de\/tos_privacy\/\" class=\"more-link\"><span class=\"screen-reader-text\">&#8220;Terms of use &#8211; Privacy Policy&#8221;<\/span> weiterlesen<\/a><\/p>","protected":false},"author":1,"featured_media":0,"parent":0,"menu_order":0,"comment_status":"closed","ping_status":"closed","template":"elementor_canvas","meta":{"om_disable_all_campaigns":false},"_links":{"self":[{"href":"https:\/\/trainingplus-app.net\/de\/wp-json\/wp\/v2\/pages\/252"}],"collection":[{"href":"https:\/\/trainingplus-app.net\/de\/wp-json\/wp\/v2\/pages"}],"about":[{"href":"https:\/\/trainingplus-app.net\/de\/wp-json\/wp\/v2\/types\/page"}],"author":[{"embeddable":true,"href":"https:\/\/trainingplus-app.net\/de\/wp-json\/wp\/v2\/users\/1"}],"replies":[{"embeddable":true,"href":"https:\/\/trainingplus-app.net\/de\/wp-json\/wp\/v2\/comments?post=252"}],"version-history":[{"count":8,"href":"https:\/\/trainingplus-app.net\/de\/wp-json\/wp\/v2\/pages\/252\/revisions"}],"predecessor-version":[{"id":260,"href":"https:\/\/trainingplus-app.net\/de\/wp-json\/wp\/v2\/pages\/252\/revisions\/260"}],"wp:attachment":[{"href":"https:\/\/trainingplus-app.net\/de\/wp-json\/wp\/v2\/media?parent=252"}],"curies":[{"name":"wp","href":"https:\/\/api.w.org\/{rel}","templated":true}]}}